{"id":65,"date":"2021-03-10T10:06:28","date_gmt":"2021-03-10T13:06:28","guid":{"rendered":"http:\/\/apsv.chubut.gov.ar\/?page_id=65"},"modified":"2021-04-14T09:41:49","modified_gmt":"2021-04-14T12:41:49","slug":"bases-operativas","status":"publish","type":"page","link":"http:\/\/apsv.chubut.gov.ar\/?page_id=65","title":{"rendered":"Bases Operativas"},"content":{"rendered":"<p>Las <strong>BASES OPERATIVAS<\/strong> ejecutan las medidas activas que se disponen desde la Direcci\u00f3n General de Seguridad Vial, en todo el \u00e1mbito provincial, ajust\u00e1ndose al despliegue operativo con que cuenta la Agencia.<br \/>\nParticipan en la elaboraci\u00f3n de los planes a ejecutar, disponiendo medidas estrat\u00e9gicas adecuadas para el desarrollo de un tr\u00e1nsito vial seguro.<br \/>\nDispone al personal en los lugares que fueran fijados como puntos de conflicto o de acumulaci\u00f3n de tr\u00e1nsito vial, tendientes a brindar la seguridad y el ordenamiento que impone la situaci\u00f3n.<br \/>\nAdem\u00e1s, capacita continuamente al personal Preventista de Tr\u00e1nsito de la Agencia, en todo lo que fuera perteneciente a la materia.<\/p>\n<p>La jurisdicci\u00f3n de cada base operativa esta ilustrada en el siguiente mapa:<\/p>\n<p><img loading=\"lazy\" decoding=\"async\" class=\" wp-image-391 aligncenter\" src=\"http:\/\/apsv.chubut.gov.ar\/wp-content\/uploads\/2021\/04\/basesop-300x197.jpg\" alt=\"\" width=\"685\" height=\"449\" srcset=\"http:\/\/apsv.chubut.gov.ar\/wp-content\/uploads\/2021\/04\/basesop-300x197.jpg 300w, http:\/\/apsv.chubut.gov.ar\/wp-content\/uploads\/2021\/04\/basesop-1024x673.jpg 1024w, http:\/\/apsv.chubut.gov.ar\/wp-content\/uploads\/2021\/04\/basesop-768x504.jpg 768w, http:\/\/apsv.chubut.gov.ar\/wp-content\/uploads\/2021\/04\/basesop-1536x1009.jpg 1536w, http:\/\/apsv.chubut.gov.ar\/wp-content\/uploads\/2021\/04\/basesop-2048x1345.jpg 2048w, http:\/\/apsv.chubut.gov.ar\/wp-content\/uploads\/2021\/04\/basesop-91x60.jpg 91w\" sizes=\"auto, (max-width: 685px) 100vw, 685px\" \/><\/p>\n","protected":false},"excerpt":{"rendered":"<p>Las BASES OPERATIVAS ejecutan las medidas activas que se disponen desde la Direcci\u00f3n General de Seguridad Vial, en todo el \u00e1mbito provincial, ajust\u00e1ndose al despliegue operativo con que cuenta la Agencia. Participan en la elaboraci\u00f3n de los planes a ejecutar, disponiendo medidas estrat\u00e9gicas adecuadas para el desarrollo de un tr\u00e1nsito vial seguro. Dispone al personal &hellip; <\/p>\n","protected":false},"author":2,"featured_media":0,"parent":0,"menu_order":0,"comment_status":"closed","ping_status":"closed","template":"","meta":{"footnotes":""},"class_list":["post-65","page","type-page","status-publish","hentry"],"_links":{"self":[{"href":"http:\/\/apsv.chubut.gov.ar\/index.php?rest_route=\/wp\/v2\/pages\/65","targetHints":{"allow":["GET"]}}],"collection":[{"href":"http:\/\/apsv.chubut.gov.ar\/index.php?rest_route=\/wp\/v2\/pages"}],"about":[{"href":"http:\/\/apsv.chubut.gov.ar\/index.php?rest_route=\/wp\/v2\/types\/page"}],"author":[{"embeddable":true,"href":"http:\/\/apsv.chubut.gov.ar\/index.php?rest_route=\/wp\/v2\/users\/2"}],"replies":[{"embeddable":true,"href":"http:\/\/apsv.chubut.gov.ar\/index.php?rest_route=%2Fwp%2Fv2%2Fcomments&post=65"}],"version-history":[{"count":4,"href":"http:\/\/apsv.chubut.gov.ar\/index.php?rest_route=\/wp\/v2\/pages\/65\/revisions"}],"predecessor-version":[{"id":390,"href":"http:\/\/apsv.chubut.gov.ar\/index.php?rest_route=\/wp\/v2\/pages\/65\/revisions\/390"}],"wp:attachment":[{"href":"http:\/\/apsv.chubut.gov.ar\/index.php?rest_route=%2Fwp%2Fv2%2Fmedia&parent=65"}],"curies":[{"name":"wp","href":"https:\/\/api.w.org\/{rel}","templated":true}]}}