{"id":381,"date":"2021-04-13T11:29:58","date_gmt":"2021-04-13T14:29:58","guid":{"rendered":"http:\/\/apsv.chubut.gov.ar\/?page_id=381"},"modified":"2021-06-07T12:00:52","modified_gmt":"2021-06-07T15:00:52","slug":"linea-149","status":"publish","type":"page","link":"http:\/\/apsv.chubut.gov.ar\/?page_id=381","title":{"rendered":"Linea 149"},"content":{"rendered":"<h4 style=\"text-align: center;\">L\u00ednea 149<\/h4>\n<h4 style=\"text-align: center;\">Red Federal de Asistencia a V\u00edctimas y Familiares de V\u00edctimas de Siniestros Viales<\/h4>\n<p>La Agencia Nacional de Seguridad Vial (ANSV), organismo dependiente del Ministerio de Transporte, brinda a traves de la <strong>l\u00ednea telef\u00f3nica 149 (opcion 2)<\/strong> atenci\u00f3n a las v\u00edctimas y familiares de siniestros viales de forma gratuita y con funcionamiento las 24 horas en TODO el pa\u00eds.<\/p>\n<section class=\"content_format\">\n<div class=\"container\">\n<div class=\"row\">\n<div class=\"col-md-8 col-md-offset-2\">\n<div class=\"panel-pane pane-texto\">\n<div class=\"pane-content\">\n<div class=\"\">\n<p>El objetivo es brindar asistencia legal, psicol\u00f3gica y asesoramiento en servicios sociales y de rehabilitaci\u00f3n <strong>en las instancias posteriores a la emergencia vial<\/strong> <strong>en todo el pa\u00eds<\/strong>, tanto a damnificados como a familiares de v\u00edctimas de siniestros viales, siendo el tiempo transcurrido un factor NO excluyente para recibir esta atenci\u00f3n. Adem\u00e1s, se otorga <strong>asistencia econ\u00f3mica<\/strong> a v\u00edctimas y familiares de v\u00edctimas de siniestros viales en situaciones de alta vulnerabilidad socioecon\u00f3mica.<\/p>\n<p>El funcionamiento de la l\u00ednea 149 opci\u00f3n 2 es a partir que el damnificado se conecta con el operador y, a partir, de tener conocimiento de lo que sucedi\u00f3 coordina los mejores canales de asistencia telef\u00f3nica y presencial si fuera necesario. Por ejemplo, ante el requerimiento de un abogado se podr\u00e1 brindar asesoramiento telef\u00f3nico inmediato y, en caso de ser necesario, se har\u00e1 una derivaci\u00f3n para asesoramiento presencial y gratuito de un abogado en cualquier provincia. Lo mismo en caso de necesitar asistencia psicol\u00f3gica: hay un servicio de contenci\u00f3n telef\u00f3nica inmediata las 24 horas y la posibilidad de derivaci\u00f3n a la atenci\u00f3n con un psic\u00f3logo para un tratamiento presencial y gratuito en todo el pa\u00eds. Tambi\u00e9n funciona como una gu\u00eda de tr\u00e1mites sociales, como por ejemplo, el Certificado \u00danico de Discapacidad, brindando informaci\u00f3n y coordinaci\u00f3n para asistir a centros de rehabilitaci\u00f3n y asistencia m\u00e9dica general.<\/p>\n<p>La Red funciona como un nexo que organiza y administra los recursos existentes de naci\u00f3n, provincias, municipios y organismos privados adheridos, para lograr una r\u00e1pida y efectiva respuesta que ayude a mitigar los da\u00f1os ocasionados por el siniestro vial, con el objetivo de eliminar repetidas situaciones burocr\u00e1ticas que solo acrecientan el dolor.<\/p>\n<p>&nbsp;<\/p>\n<\/div>\n<\/div>\n<\/div>\n<\/div>\n<\/div>\n<\/div>\n<\/section>\n","protected":false},"excerpt":{"rendered":"<p>L\u00ednea 149 Red Federal de Asistencia a V\u00edctimas y Familiares de V\u00edctimas de Siniestros Viales La Agencia Nacional de Seguridad Vial (ANSV), organismo dependiente del Ministerio de Transporte, brinda a traves de la l\u00ednea telef\u00f3nica 149 (opcion 2) atenci\u00f3n a las v\u00edctimas y familiares de siniestros viales de forma gratuita y con funcionamiento las 24 &hellip; <\/p>\n","protected":false},"author":2,"featured_media":376,"parent":0,"menu_order":0,"comment_status":"closed","ping_status":"closed","template":"","meta":{"footnotes":""},"class_list":["post-381","page","type-page","status-publish","has-post-thumbnail","hentry"],"_links":{"self":[{"href":"http:\/\/apsv.chubut.gov.ar\/index.php?rest_route=\/wp\/v2\/pages\/381","targetHints":{"allow":["GET"]}}],"collection":[{"href":"http:\/\/apsv.chubut.gov.ar\/index.php?rest_route=\/wp\/v2\/pages"}],"about":[{"href":"http:\/\/apsv.chubut.gov.ar\/index.php?rest_route=\/wp\/v2\/types\/page"}],"author":[{"embeddable":true,"href":"http:\/\/apsv.chubut.gov.ar\/index.php?rest_route=\/wp\/v2\/users\/2"}],"replies":[{"embeddable":true,"href":"http:\/\/apsv.chubut.gov.ar\/index.php?rest_route=%2Fwp%2Fv2%2Fcomments&post=381"}],"version-history":[{"count":4,"href":"http:\/\/apsv.chubut.gov.ar\/index.php?rest_route=\/wp\/v2\/pages\/381\/revisions"}],"predecessor-version":[{"id":500,"href":"http:\/\/apsv.chubut.gov.ar\/index.php?rest_route=\/wp\/v2\/pages\/381\/revisions\/500"}],"wp:featuredmedia":[{"embeddable":true,"href":"http:\/\/apsv.chubut.gov.ar\/index.php?rest_route=\/wp\/v2\/media\/376"}],"wp:attachment":[{"href":"http:\/\/apsv.chubut.gov.ar\/index.php?rest_route=%2Fwp%2Fv2%2Fmedia&parent=381"}],"curies":[{"name":"wp","href":"https:\/\/api.w.org\/{rel}","templated":true}]}}